{"id":4305,"date":"2016-08-11T16:13:16","date_gmt":"2016-08-11T21:13:16","guid":{"rendered":"http:\/\/www.normangelica.com\/blog\/?page_id=4305"},"modified":"2021-03-21T14:16:48","modified_gmt":"2021-03-21T19:16:48","slug":"norma-carreno","status":"publish","type":"page","link":"http:\/\/www.normangelica.com\/blog\/?page_id=4305","title":{"rendered":"Norma Carre\u00f1o"},"content":{"rendered":"<p style=\"text-align: center;\">\n<p>En esta p\u00e1gina te muestro mi trabajo como Artista. Tambi\u00e9n encontrar\u00e1s informaci\u00f3n de nuestras clases de Ingl\u00e9s.<\/p>\n<h2 style=\"text-align: center;\"><a href=\"http:\/\/normacarreno.com\/\" target=\"_blank\" rel=\"noopener\">Norma Carre\u00f1o<\/a><\/h2>\n<p><a href=\"http:\/\/normacarreno.com\/\"><img loading=\"lazy\" decoding=\"async\" class=\"size-medium wp-image-5022 aligncenter\" src=\"http:\/\/www.normangelica.com\/blog\/content\/uploads\/2016\/08\/Dragones-300x233.png\" alt=\"\" width=\"300\" height=\"233\" srcset=\"http:\/\/www.normangelica.com\/blog\/content\/uploads\/2016\/08\/Dragones-300x233.png 300w, http:\/\/www.normangelica.com\/blog\/content\/uploads\/2016\/08\/Dragones-768x597.png 768w, http:\/\/www.normangelica.com\/blog\/content\/uploads\/2016\/08\/Dragones-1024x796.png 1024w, http:\/\/www.normangelica.com\/blog\/content\/uploads\/2016\/08\/Dragones.png 1136w\" sizes=\"auto, (max-width: 300px) 100vw, 300px\" \/><\/a><\/p>\n<hr \/>\n<p>In this page I show my work as an Artist.<\/p>\n<h2 style=\"text-align: center;\"><a href=\"http:\/\/normacarreno.com\/\" target=\"_blank\" rel=\"noopener\">Norma Carre\u00f1o\u00a0<\/a><\/h2>\n<h3 style=\"text-align: center;\"><a href=\"http:\/\/normacarreno.com\/?page_id=347\">Mandalas<\/a><\/h3>\n<p style=\"text-align: center;\"><a href=\"http:\/\/www.normangelica.com\/blog\/content\/uploads\/2021\/03\/mandala-logo.png\"><img loading=\"lazy\" decoding=\"async\" class=\"aligncenter  wp-image-5362\" src=\"http:\/\/www.normangelica.com\/blog\/content\/uploads\/2021\/03\/mandala-logo.png\" alt=\"\" width=\"168\" height=\"180\" srcset=\"http:\/\/www.normangelica.com\/blog\/content\/uploads\/2021\/03\/mandala-logo.png 800w, http:\/\/www.normangelica.com\/blog\/content\/uploads\/2021\/03\/mandala-logo-280x300.png 280w, http:\/\/www.normangelica.com\/blog\/content\/uploads\/2021\/03\/mandala-logo-768x822.png 768w, http:\/\/www.normangelica.com\/blog\/content\/uploads\/2021\/03\/mandala-logo-22x24.png 22w, http:\/\/www.normangelica.com\/blog\/content\/uploads\/2021\/03\/mandala-logo-34x36.png 34w, http:\/\/www.normangelica.com\/blog\/content\/uploads\/2021\/03\/mandala-logo-45x48.png 45w\" sizes=\"auto, (max-width: 168px) 100vw, 168px\" \/><\/a><\/p>\n<h3 style=\"text-align: center;\"><a href=\"http:\/\/normacarreno.com\/?page_id=500\" target=\"_blank\" rel=\"noopener\">Zentangle Art<\/a><\/h3>\n<p><a href=\"http:\/\/normacarreno.com\/?page_id=347\" target=\"_blank\" rel=\"noopener\"><img loading=\"lazy\" decoding=\"async\" class=\"aligncenter wp-image-4330 size-medium\" src=\"http:\/\/www.normangelica.com\/blog\/content\/uploads\/2016\/08\/Hongos-300x240.png\" alt=\"Hongos\" width=\"300\" height=\"240\" srcset=\"http:\/\/www.normangelica.com\/blog\/content\/uploads\/2016\/08\/Hongos-300x240.png 300w, http:\/\/www.normangelica.com\/blog\/content\/uploads\/2016\/08\/Hongos-768x614.png 768w, http:\/\/www.normangelica.com\/blog\/content\/uploads\/2016\/08\/Hongos-1024x819.png 1024w, http:\/\/www.normangelica.com\/blog\/content\/uploads\/2016\/08\/Hongos.png 1374w\" sizes=\"auto, (max-width: 300px) 100vw, 300px\" \/><\/a><\/p>\n<p style=\"text-align: center;\">\n","protected":false},"excerpt":{"rendered":"<p>En esta p\u00e1gina te muestro mi trabajo como Artista. Tambi\u00e9n encontrar\u00e1s informaci\u00f3n de nuestras clases de Ingl\u00e9s. Norma Carre\u00f1o In this page I show my work as an Artist. Norma Carre\u00f1o\u00a0 Mandalas Zentangle Art<\/p>\n","protected":false},"author":2,"featured_media":0,"parent":0,"menu_order":0,"comment_status":"closed","ping_status":"closed","template":"","meta":{"footnotes":""},"class_list":["post-4305","page","type-page","status-publish"],"_links":{"self":[{"href":"http:\/\/www.normangelica.com\/blog\/index.php?rest_route=\/wp\/v2\/pages\/4305","targetHints":{"allow":["GET"]}}],"collection":[{"href":"http:\/\/www.normangelica.com\/blog\/index.php?rest_route=\/wp\/v2\/pages"}],"about":[{"href":"http:\/\/www.normangelica.com\/blog\/index.php?rest_route=\/wp\/v2\/types\/page"}],"author":[{"embeddable":true,"href":"http:\/\/www.normangelica.com\/blog\/index.php?rest_route=\/wp\/v2\/users\/2"}],"replies":[{"embeddable":true,"href":"http:\/\/www.normangelica.com\/blog\/index.php?rest_route=%2Fwp%2Fv2%2Fcomments&post=4305"}],"version-history":[{"count":17,"href":"http:\/\/www.normangelica.com\/blog\/index.php?rest_route=\/wp\/v2\/pages\/4305\/revisions"}],"predecessor-version":[{"id":5363,"href":"http:\/\/www.normangelica.com\/blog\/index.php?rest_route=\/wp\/v2\/pages\/4305\/revisions\/5363"}],"wp:attachment":[{"href":"http:\/\/www.normangelica.com\/blog\/index.php?rest_route=%2Fwp%2Fv2%2Fmedia&parent=4305"}],"curies":[{"name":"wp","href":"https:\/\/api.w.org\/{rel}","templated":true}]}}